{"id":8970,"date":"2021-01-22T00:00:03","date_gmt":"2021-01-22T00:00:03","guid":{"rendered":"https:\/\/lauffer.de\/services\/"},"modified":"2021-01-22T00:00:06","modified_gmt":"2021-01-22T00:00:06","slug":"services","status":"publish","type":"page","link":"https:\/\/lauffer.de\/en\/services\/","title":{"rendered":"Services"},"content":{"rendered":"<p>[et_pb_section fb_built=&#8221;1&#8243; _builder_version=&#8221;4.7.6&#8243; _module_preset=&#8221;5ca02c3d-4509-4a41-9436-c97251a142bb&#8221; custom_css_after=&#8221;content: url(%22\/wp-content\/uploads\/2021\/01\/services.svg%22);||position: absolute;||top: 10%;||left: 0;||opacity: 0.5;||width:100%;||height:100%;||background-repeat:no-repeat;||background-position: center;||background-size: cover;&#8221;][et_pb_row _builder_version=&#8221;4.7.6&#8243; _module_preset=&#8221;8d84c967-972a-4c54-90d4-8a486e6ee0c6&#8243;][et_pb_column type=&#8221;4_4&#8243; _builder_version=&#8221;4.7.6&#8243; _module_preset=&#8221;0ab5198d-fe00-43d3-8f9e-4bc3f698b30f&#8221;][et_pb_text _builder_version=&#8221;4.7.6&#8243; _module_preset=&#8221;f9523192-f8c0-4b62-81b2-da1376eec14f&#8221;]<\/p>\n<h3 class=\"AP_obj-hl\">Services<\/h3>\n<p>[\/et_pb_text][\/et_pb_column][\/et_pb_row][\/et_pb_section][et_pb_section fb_built=&#8221;1&#8243; _builder_version=&#8221;4.7.6&#8243; _module_preset=&#8221;cdb78d07-453b-4ab5-93b7-0c54522bbcdd&#8221; locked=&#8221;off&#8221;][et_pb_row _builder_version=&#8221;4.7.6&#8243; _module_preset=&#8221;f01427f3-bce9-429d-857c-642caa14365f&#8221;][et_pb_column type=&#8221;4_4&#8243; _builder_version=&#8221;4.7.6&#8243; _module_preset=&#8221;f8fbd70d-8e1c-458c-b9ad-f80162e4d881&#8243;][et_pb_text _builder_version=&#8221;4.7.6&#8243; _module_preset=&#8221;5faaf62b-c8e8-4bee-832c-a045dcfcb763&#8243;]<\/p>\n<div class=\"wp-block-custom-blocks-module-intro AP_mod-cm-introtext\">\n<div class=\"AP_mod--ct\">\n<div class=\"wp-block-custom-blocks-module-intro AP_mod-cm-introtext\">\n<div class=\"AP_mod--ct\">\n<p class=\"AP_obj-paragraph \">\u00a0<\/p>\n<div class=\"wp-block-custom-blocks-module-intro AP_mod-cm-introtext\">\n<div class=\"AP_mod--ct\">\n<p class=\"AP_obj-paragraph \">With LAUFFER presses, you get much more than just perfect machines \u2013 you get services that will help you and your production and that will pay off. As your partner, we support you with coordinated services for the optimal use and flexible adaptation of our products. Our focus is always on the sustainable maximization of your added value.<\/p>\n<\/div>\n<\/div>\n<\/div>\n<\/div>\n<\/div>\n<\/div>\n<p>[\/et_pb_text][\/et_pb_column][\/et_pb_row][\/et_pb_section][et_pb_section fb_built=&#8221;1&#8243; admin_label=&#8221;Powder Technology&#8221; _builder_version=&#8221;4.7.6&#8243; _module_preset=&#8221;9acbd5f7-045a-493d-9777-6bf8092ed380&#8243; custom_margin=&#8221;50px||50px|200px|false|false&#8221; locked=&#8221;off&#8221;][et_pb_row column_structure=&#8221;1_2,1_2&#8243; _builder_version=&#8221;4.7.6&#8243; _module_preset=&#8221;ebcc9a0e-214c-472e-8b71-c7b1cb3b0a84&#8243;][et_pb_column type=&#8221;1_2&#8243; _builder_version=&#8221;4.7.6&#8243; _module_preset=&#8221;0ac7511c-954d-4c9e-82b2-cb0261c7a4bc&#8221;][et_pb_image src=&#8221;https:\/\/lauffer.de\/wp-content\/uploads\/2020\/12\/service_diagnose.png&#8221; title_text=&#8221;service_diagnose&#8221; _builder_version=&#8221;4.7.6&#8243; _module_preset=&#8221;a395a89c-fe63-4a5b-ac8e-d06ab967cc5a&#8221;][\/et_pb_image][\/et_pb_column][et_pb_column type=&#8221;1_2&#8243; _builder_version=&#8221;4.7.6&#8243; _module_preset=&#8221;73d0ef93-bfa3-4a5a-9c3d-7b5b89414c59&#8243;][et_pb_cta title=&#8221;Online and Remote Access&#8221; button_url=&#8221;@ET-DC@eyJkeW5hbWljIjp0cnVlLCJjb250ZW50IjoicG9zdF9saW5rX3VybF9wYWdlIiwic2V0dGluZ3MiOnsicG9zdF9pZCI6IjI2MTYifX0=@&#8221; _builder_version=&#8221;4.7.6&#8243; _dynamic_attributes=&#8221;button_url&#8221; _module_preset=&#8221;2702193b-cde2-43aa-ab1e-edd57c1980ea&#8221; locked=&#8221;off&#8221;]<\/p>\n<p>Increase system availability, minimize downtime, reduce costs: If required, our software specialists can quickly and easily connect to your machine via teleservice, diagnose errors, eliminate technical problems or provide you with instructions. Together, we reduce expensive on-site visits and increase your productivity.<\/p>\n<p>[\/et_pb_cta][\/et_pb_column][\/et_pb_row][\/et_pb_section][et_pb_section fb_built=&#8221;1&#8243; admin_label=&#8221;Sektion&#8221; _builder_version=&#8221;4.7.6&#8243; _module_preset=&#8221;add86727-9945-415d-98bf-bf612f1997e5&#8243; locked=&#8221;off&#8221;][et_pb_row _builder_version=&#8221;4.7.6&#8243; _module_preset=&#8221;225bab4b-1d2f-49d7-870f-6766ffec8acc&#8221;][et_pb_column type=&#8221;4_4&#8243; _builder_version=&#8221;4.7.6&#8243; _module_preset=&#8221;325e9aa1-da69-4ff3-a6e1-9e0b39a88a9a&#8221;][et_pb_cta title=&#8221;Online and Remote Access&#8221; button_url=&#8221;@ET-DC@eyJkeW5hbWljIjp0cnVlLCJjb250ZW50IjoicG9zdF9saW5rX3VybF9wYWdlIiwic2V0dGluZ3MiOnsicG9zdF9pZCI6IjI2MTYifX0=@&#8221; _builder_version=&#8221;4.7.6&#8243; _dynamic_attributes=&#8221;button_url&#8221; _module_preset=&#8221;d9f4fd1b-2888-4c98-820f-1de6a1abeb12&#8243; locked=&#8221;off&#8221;]<\/p>\n<p>Increase system availability, minimize downtime, reduce costs: If required, our software specialists can quickly and easily connect to your machine via teleservice, diagnose errors, eliminate technical problems or provide you with instructions. Together, we reduce expensive on-site visits and increase your productivity.<\/p>\n<p>[\/et_pb_cta][\/et_pb_column][\/et_pb_row][\/et_pb_section][et_pb_section fb_built=&#8221;1&#8243; admin_label=&#8221;Forming Technology&#8221; _builder_version=&#8221;4.7.6&#8243; _module_preset=&#8221;4f358688-98f1-40dc-a6c8-3b60b72ee1aa&#8221; locked=&#8221;off&#8221;][et_pb_row column_structure=&#8221;1_2,1_2&#8243; _builder_version=&#8221;4.7.6&#8243; _module_preset=&#8221;5b68eb72-54e9-4ee4-82af-59ec3da6d9ab&#8221;][et_pb_column type=&#8221;1_2&#8243; _builder_version=&#8221;4.7.6&#8243; _module_preset=&#8221;7e2be291-7732-4092-9cdb-a28017f4df70&#8243;][et_pb_cta title=&#8221;Spare Parts Management&#8221; button_url=&#8221;@ET-DC@eyJkeW5hbWljIjp0cnVlLCJjb250ZW50IjoicG9zdF9saW5rX3VybF9wYWdlIiwic2V0dGluZ3MiOnsicG9zdF9pZCI6IjIzMTgifX0=@&#8221; _builder_version=&#8221;4.7.6&#8243; _dynamic_attributes=&#8221;button_url&#8221; _module_preset=&#8221;2702193b-cde2-43aa-ab1e-edd57c1980ea&#8221; module_alignment=&#8221;right&#8221; custom_margin=&#8221;0%||0%||false|false&#8221; custom_padding=&#8221;40px|40px|60px|60px|false|false&#8221; button_text_color__hover_enabled=&#8221;on|desktop&#8221; button_text_color__hover=&#8221;#ffffff&#8221; button_bg_color__hover_enabled=&#8221;on|hover&#8221; button_bg_color__hover=&#8221;#1e283a&#8221; button_bg_enable_color__hover=&#8221;on&#8221;]<\/p>\n<p>Just in case: It happens rarely, but if it is necessary, we provide you with spare parts quickly and reliably. This guarantees minimum downtime and maximum efficiency. And should you need assistance in installing the parts: Our service specialists are there to help you with advice and support!<\/p>\n<p>[\/et_pb_cta][\/et_pb_column][et_pb_column type=&#8221;1_2&#8243; _builder_version=&#8221;4.7.6&#8243; _module_preset=&#8221;1eae43b5-1161-4573-998f-732ac9c9c937&#8243;][et_pb_image src=&#8221;https:\/\/lauffer.de\/wp-content\/uploads\/2020\/12\/20110905_Lauffer_9632.png&#8221; title_text=&#8221;20110905_Lauffer_9632&#8243; _builder_version=&#8221;4.7.6&#8243; _module_preset=&#8221;a395a89c-fe63-4a5b-ac8e-d06ab967cc5a&#8221;][\/et_pb_image][\/et_pb_column][\/et_pb_row][\/et_pb_section][et_pb_section fb_built=&#8221;1&#8243; admin_label=&#8221;Sektion&#8221; _builder_version=&#8221;4.7.6&#8243; _module_preset=&#8221;add86727-9945-415d-98bf-bf612f1997e5&#8243; locked=&#8221;off&#8221;][et_pb_row _builder_version=&#8221;4.7.6&#8243; _module_preset=&#8221;225bab4b-1d2f-49d7-870f-6766ffec8acc&#8221;][et_pb_column type=&#8221;4_4&#8243; _builder_version=&#8221;4.7.6&#8243; _module_preset=&#8221;325e9aa1-da69-4ff3-a6e1-9e0b39a88a9a&#8221;][et_pb_cta title=&#8221;Spare Parts Management&#8221; button_url=&#8221;@ET-DC@eyJkeW5hbWljIjp0cnVlLCJjb250ZW50IjoicG9zdF9saW5rX3VybF9wYWdlIiwic2V0dGluZ3MiOnsicG9zdF9pZCI6IjI2MTYifX0=@&#8221; _builder_version=&#8221;4.7.6&#8243; _dynamic_attributes=&#8221;button_url&#8221; _module_preset=&#8221;d9f4fd1b-2888-4c98-820f-1de6a1abeb12&#8243; locked=&#8221;off&#8221;]<\/p>\n<p>Just in case: It happens rarely, but if it is necessary, we provide you with spare parts quickly and reliably. This guarantees minimum downtime and maximum efficiency. And should you need assistance in installing the parts: Our service specialists are there to help you with advice and support!<\/p>\n<p>[\/et_pb_cta][\/et_pb_column][\/et_pb_row][\/et_pb_section][et_pb_section fb_built=&#8221;1&#8243; admin_label=&#8221;Powder Technology&#8221; _builder_version=&#8221;4.7.6&#8243; _module_preset=&#8221;9acbd5f7-045a-493d-9777-6bf8092ed380&#8243; locked=&#8221;off&#8221;][et_pb_row column_structure=&#8221;1_2,1_2&#8243; _builder_version=&#8221;4.7.6&#8243; _module_preset=&#8221;ebcc9a0e-214c-472e-8b71-c7b1cb3b0a84&#8243;][et_pb_column type=&#8221;1_2&#8243; _builder_version=&#8221;4.7.6&#8243; _module_preset=&#8221;0ac7511c-954d-4c9e-82b2-cb0261c7a4bc&#8221;][et_pb_image src=&#8221;https:\/\/lauffer.de\/wp-content\/uploads\/2020\/12\/2011_02_03_2477.png&#8221; title_text=&#8221;2011_02_03_2477&#8243; _builder_version=&#8221;4.7.6&#8243; _module_preset=&#8221;a395a89c-fe63-4a5b-ac8e-d06ab967cc5a&#8221; hover_enabled=&#8221;0&#8243; sticky_enabled=&#8221;0&#8243;][\/et_pb_image][\/et_pb_column][et_pb_column type=&#8221;1_2&#8243; _builder_version=&#8221;4.7.6&#8243; _module_preset=&#8221;73d0ef93-bfa3-4a5a-9c3d-7b5b89414c59&#8243;][et_pb_cta title=&#8221;Modernization and Upgrades&#8221; button_url=&#8221;@ET-DC@eyJkeW5hbWljIjp0cnVlLCJjb250ZW50IjoicG9zdF9saW5rX3VybF9wYWdlIiwic2V0dGluZ3MiOnsicG9zdF9pZCI6IjI2MTYifX0=@&#8221; _builder_version=&#8221;4.7.6&#8243; _dynamic_attributes=&#8221;button_url&#8221; _module_preset=&#8221;2702193b-cde2-43aa-ab1e-edd57c1980ea&#8221; locked=&#8221;off&#8221;]<\/p>\n<p class=\"AP_obj-paragraph\">Bereit f\u00fcr Ver\u00e4nderungen? Ob LAUFFER Pressen oder Fremdfabrikate \u2013 unsere Servicespezialisten begleiten Sie auch bei Umbau oder Modernisierung Ihrer Anlagen. Von der Planung \u00fcber die schnelle Umr\u00fcstung \u00e4lterer Maschinen entsprechend den neuesten Unfallverh\u00fctungsvorschriften der Berufsgenossenschaften bis hin zu Updates der Maschinensteuerungen: Unser Service wei\u00df, was zu tun ist und sorgt daf\u00fcr, dass der fachgerechte Systemumbau schnell vonstattengeht und die Stillstandzeit so minimiert wird.<\/p>\n<p>[\/et_pb_cta][\/et_pb_column][\/et_pb_row][\/et_pb_section][et_pb_section fb_built=&#8221;1&#8243; admin_label=&#8221;Sektion&#8221; _builder_version=&#8221;4.7.6&#8243; _module_preset=&#8221;add86727-9945-415d-98bf-bf612f1997e5&#8243; locked=&#8221;off&#8221;][et_pb_row _builder_version=&#8221;4.7.6&#8243; _module_preset=&#8221;225bab4b-1d2f-49d7-870f-6766ffec8acc&#8221;][et_pb_column type=&#8221;4_4&#8243; _builder_version=&#8221;4.7.6&#8243; _module_preset=&#8221;325e9aa1-da69-4ff3-a6e1-9e0b39a88a9a&#8221;][et_pb_cta title=&#8221;Modernization and Upgrades&#8221; button_url=&#8221;@ET-DC@eyJkeW5hbWljIjp0cnVlLCJjb250ZW50IjoicG9zdF9saW5rX3VybF9wYWdlIiwic2V0dGluZ3MiOnsicG9zdF9pZCI6IjI2MTYifX0=@&#8221; _builder_version=&#8221;4.7.6&#8243; _dynamic_attributes=&#8221;button_url&#8221; _module_preset=&#8221;d9f4fd1b-2888-4c98-820f-1de6a1abeb12&#8243; locked=&#8221;off&#8221;]<\/p>\n<p>Ready for change? Whether LAUFFER presses or presses from other manufacturers \u2013 our service specialists will also support you in the conversion or modernization of your plants. From planning to rapid retrofitting of older machines in accordance with the latest accident prevention regulations of the employers\u2019 liability insurance associations to updates of the machine controls: Our service knows what needs to be done and ensures that the professional system conversion is carried out quickly, thus minimizing downtime.<\/p>\n<p>[\/et_pb_cta][\/et_pb_column][\/et_pb_row][\/et_pb_section][et_pb_section fb_built=&#8221;1&#8243; admin_label=&#8221;Forming Technology&#8221; _builder_version=&#8221;4.7.6&#8243; _module_preset=&#8221;4f358688-98f1-40dc-a6c8-3b60b72ee1aa&#8221; locked=&#8221;off&#8221;][et_pb_row column_structure=&#8221;1_2,1_2&#8243; _builder_version=&#8221;4.7.6&#8243; _module_preset=&#8221;5b68eb72-54e9-4ee4-82af-59ec3da6d9ab&#8221;][et_pb_column type=&#8221;1_2&#8243; _builder_version=&#8221;4.7.6&#8243; _module_preset=&#8221;7e2be291-7732-4092-9cdb-a28017f4df70&#8243;][et_pb_cta title=&#8221;Flexible Maintenance Solutions&#8221; button_url=&#8221;@ET-DC@eyJkeW5hbWljIjp0cnVlLCJjb250ZW50IjoicG9zdF9saW5rX3VybF9wYWdlIiwic2V0dGluZ3MiOnsicG9zdF9pZCI6IjIzMTgifX0=@&#8221; _builder_version=&#8221;4.7.6&#8243; _dynamic_attributes=&#8221;button_url&#8221; _module_preset=&#8221;2702193b-cde2-43aa-ab1e-edd57c1980ea&#8221; module_alignment=&#8221;right&#8221; custom_margin=&#8221;0%||0%||false|false&#8221; custom_padding=&#8221;40px|40px|60px|60px|false|false&#8221; button_text_color__hover_enabled=&#8221;on|desktop&#8221; button_text_color__hover=&#8221;#ffffff&#8221; button_bg_color__hover_enabled=&#8221;on|hover&#8221; button_bg_color__hover=&#8221;#1e283a&#8221; button_bg_enable_color__hover=&#8221;on&#8221;]<\/p>\n<p class=\"AP_obj-paragraph\">Individual and carefree: Our customized maintenance solutions offer you flexible and transparent services at calculable costs. Whether it is specifically agreed maintenance intervals, the implementation of current accident prevention regulations or the calibration and quality assurance of complex systems \u2013 we tailor our service to your needs. Just contact us!<\/p>\n<p>[\/et_pb_cta][\/et_pb_column][et_pb_column type=&#8221;1_2&#8243; _builder_version=&#8221;4.7.6&#8243; _module_preset=&#8221;1eae43b5-1161-4573-998f-732ac9c9c937&#8243;][et_pb_image src=&#8221;https:\/\/lauffer.de\/wp-content\/uploads\/2020\/12\/servive_wartung-3.png&#8221; title_text=&#8221;servive_wartung (3)&#8221; _builder_version=&#8221;4.7.6&#8243; _module_preset=&#8221;a395a89c-fe63-4a5b-ac8e-d06ab967cc5a&#8221;][\/et_pb_image][\/et_pb_column][\/et_pb_row][\/et_pb_section][et_pb_section fb_built=&#8221;1&#8243; admin_label=&#8221;Sektion&#8221; _builder_version=&#8221;4.7.6&#8243; _module_preset=&#8221;add86727-9945-415d-98bf-bf612f1997e5&#8243; locked=&#8221;off&#8221;][et_pb_row _builder_version=&#8221;4.7.6&#8243; _module_preset=&#8221;225bab4b-1d2f-49d7-870f-6766ffec8acc&#8221;][et_pb_column type=&#8221;4_4&#8243; _builder_version=&#8221;4.7.6&#8243; _module_preset=&#8221;325e9aa1-da69-4ff3-a6e1-9e0b39a88a9a&#8221;][et_pb_cta title=&#8221;Flexible Maintenance Solutions&#8221; button_url=&#8221;@ET-DC@eyJkeW5hbWljIjp0cnVlLCJjb250ZW50IjoicG9zdF9saW5rX3VybF9wYWdlIiwic2V0dGluZ3MiOnsicG9zdF9pZCI6IjI2MTYifX0=@&#8221; _builder_version=&#8221;4.7.6&#8243; _dynamic_attributes=&#8221;button_url&#8221; _module_preset=&#8221;d9f4fd1b-2888-4c98-820f-1de6a1abeb12&#8243; locked=&#8221;off&#8221;]<\/p>\n<p>Individual and carefree: Our customized maintenance solutions offer you flexible and transparent services at calculable costs. Whether it is specifically agreed maintenance intervals, the implementation of current accident prevention regulations or the calibration and quality assurance of complex systems \u2013 we tailor our service to your needs. Just contact us!<\/p>\n<p>[\/et_pb_cta][\/et_pb_column][\/et_pb_row][\/et_pb_section][et_pb_section fb_built=&#8221;1&#8243; admin_label=&#8221;Powder Technology&#8221; _builder_version=&#8221;4.7.6&#8243; _module_preset=&#8221;9acbd5f7-045a-493d-9777-6bf8092ed380&#8243; locked=&#8221;off&#8221;][et_pb_row column_structure=&#8221;1_2,1_2&#8243; _builder_version=&#8221;4.7.6&#8243; _module_preset=&#8221;ebcc9a0e-214c-472e-8b71-c7b1cb3b0a84&#8243;][et_pb_column type=&#8221;1_2&#8243; _builder_version=&#8221;4.7.6&#8243; _module_preset=&#8221;0ac7511c-954d-4c9e-82b2-cb0261c7a4bc&#8221;][et_pb_image src=&#8221;https:\/\/lauffer.de\/wp-content\/uploads\/2020\/12\/service_beratung-1.png&#8221; title_text=&#8221;service_beratung (1)&#8221; _builder_version=&#8221;4.7.6&#8243; _module_preset=&#8221;a395a89c-fe63-4a5b-ac8e-d06ab967cc5a&#8221;][\/et_pb_image][\/et_pb_column][et_pb_column type=&#8221;1_2&#8243; _builder_version=&#8221;4.7.6&#8243; _module_preset=&#8221;73d0ef93-bfa3-4a5a-9c3d-7b5b89414c59&#8243;][et_pb_cta title=&#8221;Application and Process Consulting&#8221; button_url=&#8221;@ET-DC@eyJkeW5hbWljIjp0cnVlLCJjb250ZW50IjoicG9zdF9saW5rX3VybF9wYWdlIiwic2V0dGluZ3MiOnsicG9zdF9pZCI6IjI2MTYifX0=@&#8221; _builder_version=&#8221;4.7.6&#8243; _dynamic_attributes=&#8221;button_url&#8221; _module_preset=&#8221;2702193b-cde2-43aa-ab1e-edd57c1980ea&#8221; locked=&#8221;off&#8221;]<\/p>\n<p>Your goal is the highest possible efficiency in all process steps. Our application specialists show you how to improve existing processes, make your production process more efficient and achieve higher performance. Whether through cycle time minimization or better energy management \u2013 the specialists from LAUFFER are your partners for the optimization of modern production with presses. Please contact us!<\/p>\n<p>[\/et_pb_cta][\/et_pb_column][\/et_pb_row][\/et_pb_section][et_pb_section fb_built=&#8221;1&#8243; admin_label=&#8221;Sektion&#8221; _builder_version=&#8221;4.7.6&#8243; _module_preset=&#8221;add86727-9945-415d-98bf-bf612f1997e5&#8243; locked=&#8221;off&#8221;][et_pb_row _builder_version=&#8221;4.7.6&#8243; _module_preset=&#8221;225bab4b-1d2f-49d7-870f-6766ffec8acc&#8221;][et_pb_column type=&#8221;4_4&#8243; _builder_version=&#8221;4.7.6&#8243; _module_preset=&#8221;325e9aa1-da69-4ff3-a6e1-9e0b39a88a9a&#8221;][et_pb_cta title=&#8221;Application and Process Consulting&#8221; button_url=&#8221;@ET-DC@eyJkeW5hbWljIjp0cnVlLCJjb250ZW50IjoicG9zdF9saW5rX3VybF9wYWdlIiwic2V0dGluZ3MiOnsicG9zdF9pZCI6IjI2MTYifX0=@&#8221; _builder_version=&#8221;4.7.6&#8243; _dynamic_attributes=&#8221;button_url&#8221; _module_preset=&#8221;d9f4fd1b-2888-4c98-820f-1de6a1abeb12&#8243; locked=&#8221;off&#8221;]<\/p>\n<p>Your goal is the highest possible efficiency in all process steps. Our application specialists show you how to improve existing processes, make your production process more efficient and achieve higher performance. Whether through cycle time minimization or better energy management \u2013 the specialists from LAUFFER are your partners for the optimization of modern production with presses. Please contact us!<\/p>\n<p>[\/et_pb_cta][\/et_pb_column][\/et_pb_row][\/et_pb_section][et_pb_section fb_built=&#8221;1&#8243; admin_label=&#8221;Forming Technology&#8221; _builder_version=&#8221;4.7.6&#8243; _module_preset=&#8221;4f358688-98f1-40dc-a6c8-3b60b72ee1aa&#8221; locked=&#8221;off&#8221;][et_pb_row column_structure=&#8221;1_2,1_2&#8243; _builder_version=&#8221;4.7.6&#8243; _module_preset=&#8221;5b68eb72-54e9-4ee4-82af-59ec3da6d9ab&#8221;][et_pb_column type=&#8221;1_2&#8243; _builder_version=&#8221;4.7.6&#8243; _module_preset=&#8221;7e2be291-7732-4092-9cdb-a28017f4df70&#8243;][et_pb_cta title=&#8221;Automation&#8221; button_url=&#8221;@ET-DC@eyJkeW5hbWljIjp0cnVlLCJjb250ZW50IjoicG9zdF9saW5rX3VybF9wYWdlIiwic2V0dGluZ3MiOnsicG9zdF9pZCI6IjIzMTgifX0=@&#8221; _builder_version=&#8221;4.7.6&#8243; _dynamic_attributes=&#8221;button_url&#8221; _module_preset=&#8221;2702193b-cde2-43aa-ab1e-edd57c1980ea&#8221; module_alignment=&#8221;right&#8221; custom_margin=&#8221;0%||0%||false|false&#8221; custom_padding=&#8221;40px|40px|60px|60px|false|false&#8221; button_text_color__hover_enabled=&#8221;on|desktop&#8221; button_text_color__hover=&#8221;#ffffff&#8221; button_bg_color__hover_enabled=&#8221;on|hover&#8221; button_bg_color__hover=&#8221;#1e283a&#8221; button_bg_enable_color__hover=&#8221;on&#8221;]<\/p>\n<div class=\"AP_text-ct\">\n<div class=\"AP_text-box\">\n<p class=\"AP_obj-paragraph\">Secure competitive advantages \u2013 also for the benefit of your customers: (Partially) automated machines pay for themselves by accelerating work steps and producing larger quantities in the same time. Nevertheless, remain flexible and link your presses with state-of-the-art systems for tool handling and for material and part transport. We will help you choose the ideal solutions, contact us!<\/p>\n<\/div>\n<\/div>\n<p>[\/et_pb_cta][\/et_pb_column][et_pb_column type=&#8221;1_2&#8243; _builder_version=&#8221;4.7.6&#8243; _module_preset=&#8221;1eae43b5-1161-4573-998f-732ac9c9c937&#8243;][et_pb_image src=&#8221;https:\/\/lauffer.de\/wp-content\/uploads\/2020\/12\/20110905_Lauffer_8517.png&#8221; title_text=&#8221;20110905_Lauffer_8517&#8243; _builder_version=&#8221;4.7.6&#8243; _module_preset=&#8221;a395a89c-fe63-4a5b-ac8e-d06ab967cc5a&#8221;][\/et_pb_image][\/et_pb_column][\/et_pb_row][\/et_pb_section][et_pb_section fb_built=&#8221;1&#8243; admin_label=&#8221;Sektion&#8221; _builder_version=&#8221;4.7.6&#8243; _module_preset=&#8221;add86727-9945-415d-98bf-bf612f1997e5&#8243; locked=&#8221;off&#8221;][et_pb_row _builder_version=&#8221;4.7.6&#8243; _module_preset=&#8221;225bab4b-1d2f-49d7-870f-6766ffec8acc&#8221;][et_pb_column type=&#8221;4_4&#8243; _builder_version=&#8221;4.7.6&#8243; _module_preset=&#8221;325e9aa1-da69-4ff3-a6e1-9e0b39a88a9a&#8221;][et_pb_cta title=&#8221;Automation&#8221; button_url=&#8221;@ET-DC@eyJkeW5hbWljIjp0cnVlLCJjb250ZW50IjoicG9zdF9saW5rX3VybF9wYWdlIiwic2V0dGluZ3MiOnsicG9zdF9pZCI6IjI2MTYifX0=@&#8221; _builder_version=&#8221;4.7.6&#8243; _dynamic_attributes=&#8221;button_url&#8221; _module_preset=&#8221;d9f4fd1b-2888-4c98-820f-1de6a1abeb12&#8243; locked=&#8221;off&#8221;]<\/p>\n<div class=\"AP_text-ct\">\n<div class=\"AP_text-box\">\n<p class=\"AP_obj-paragraph\">Secure competitive advantages \u2013 also for the benefit of your customers: (Partially) automated machines pay for themselves by accelerating work steps and producing larger quantities in the same time. Nevertheless, remain flexible and link your presses with state-of-the-art systems for tool handling and for material and part transport. We will help you choose the ideal solutions, contact us!<\/p>\n<\/div>\n<\/div>\n<p>[\/et_pb_cta][\/et_pb_column][\/et_pb_row][\/et_pb_section]<\/p>\n","protected":false},"excerpt":{"rendered":"<p>Services \u00a0 With LAUFFER presses, you get much more than just perfect machines \u2013 you get services that will help you and your production and that will pay off. As your partner, we support you with coordinated services for the optimal use and flexible adaptation of our products. Our focus is always on the sustainable [&hellip;]<\/p>\n","protected":false},"author":5,"featured_media":0,"parent":0,"menu_order":0,"comment_status":"closed","ping_status":"closed","template":"","meta":{"_et_pb_use_builder":"on","_et_pb_old_content":"","_et_gb_content_width":""},"_links":{"self":[{"href":"https:\/\/lauffer.de\/en\/wp-json\/wp\/v2\/pages\/8970"}],"collection":[{"href":"https:\/\/lauffer.de\/en\/wp-json\/wp\/v2\/pages"}],"about":[{"href":"https:\/\/lauffer.de\/en\/wp-json\/wp\/v2\/types\/page"}],"author":[{"embeddable":true,"href":"https:\/\/lauffer.de\/en\/wp-json\/wp\/v2\/users\/5"}],"replies":[{"embeddable":true,"href":"https:\/\/lauffer.de\/en\/wp-json\/wp\/v2\/comments?post=8970"}],"version-history":[{"count":0,"href":"https:\/\/lauffer.de\/en\/wp-json\/wp\/v2\/pages\/8970\/revisions"}],"wp:attachment":[{"href":"https:\/\/lauffer.de\/en\/wp-json\/wp\/v2\/media?parent=8970"}],"curies":[{"name":"wp","href":"https:\/\/api.w.org\/{rel}","templated":true}]}}